{"id":55142,"date":"2025-07-21T16:06:38","date_gmt":"2025-07-21T14:06:38","guid":{"rendered":"https:\/\/mewo.lu\/hoehere-fachpruefung-holz\/"},"modified":"2025-07-25T11:10:58","modified_gmt":"2025-07-25T09:10:58","slug":"hoehere-fachpruefung-holz","status":"publish","type":"page","link":"https:\/\/mewo.lu\/de\/hoehere-fachpruefung-holz\/","title":{"rendered":"H\u00f6here Fachpr\u00fcfung &#8211; Holz"},"content":{"rendered":"<p>[et_pb_section fb_built=&#8220;1&#8243; custom_padding_last_edited=&#8220;on|phone&#8220; _builder_version=&#8220;4.26.0&#8243; background_enable_color=&#8220;off&#8220; background_image=&#8220;https:\/\/mewo.lu\/wp-content\/uploads\/2020\/03\/Group-36.jpg&#8220; background_video_mp4=&#8220;https:\/\/mewo.lu\/wp-content\/uploads\/2020\/07\/BTS-Filme_Holz_20200708_MASTER_neues_LOGO.mov_1.mp4&#8243; min_height=&#8220;730px&#8220; min_height_tablet=&#8220;400px&#8220; min_height_phone=&#8220;&#8220; min_height_last_edited=&#8220;on|desktop&#8220; custom_margin=&#8220;-133px||||false|false&#8220; custom_padding=&#8220;134px||134px||true|false&#8220; custom_padding_tablet=&#8220;70px||70px||true|false&#8220; custom_padding_phone=&#8220;50px||50px||true|false&#8220; locked=&#8220;off&#8220; collapsed=&#8220;on&#8220; global_colors_info=&#8220;{}&#8220;][et_pb_row use_custom_gutter=&#8220;on&#8220; gutter_width=&#8220;2&#8243; make_equal=&#8220;on&#8220; _builder_version=&#8220;4.26.0&#8243; width_tablet=&#8220;90%&#8220; width_phone=&#8220;90%&#8220; width_last_edited=&#8220;off|phone&#8220; max_width_tablet=&#8220;90%&#8220; max_width_phone=&#8220;90%&#8220; max_width_last_edited=&#8220;off|tablet&#8220; custom_margin=&#8220;435px||||false|false&#8220; custom_padding=&#8220;||0px|||&#8220; global_colors_info=&#8220;{}&#8220;][et_pb_column type=&#8220;4_4&#8243; _builder_version=&#8220;4.16&#8243; custom_padding=&#8220;|||&#8220; global_colors_info=&#8220;{}&#8220; custom_padding__hover=&#8220;|||&#8220;][et_pb_text _builder_version=&#8220;4.16&#8243; text_font=&#8220;Futura Book|600|||||||&#8220; text_text_color=&#8220;#8fb1c0&#8243; text_letter_spacing=&#8220;4px&#8220; header_font=&#8220;Futura Book|600|||||||&#8220; header_text_color=&#8220;#8fb1c0&#8243; header_font_size=&#8220;14px&#8220; header_letter_spacing=&#8220;4px&#8220; custom_padding=&#8220;|||3px&#8220; animation_direction=&#8220;left&#8220; header_font_size_phone=&#8220;12px&#8220; global_colors_info=&#8220;{}&#8220;]<\/p>\n<p>Conf\u00e9d\u00e9ration du Bois et du M\u00e9tal<\/p>\n<p>[\/et_pb_text][et_pb_text _builder_version=&#8220;4.16&#8243; header_font=&#8220;Futura Medium bt|700||on|||||&#8220; header_text_color=&#8220;#ffffff&#8220; header_font_size=&#8220;60px&#8220; header_line_height=&#8220;1.3em&#8220; custom_margin=&#8220;-25px||||false|false&#8220; custom_margin_tablet=&#8220;-40px||||false|false&#8220; custom_margin_phone=&#8220;-31px||||false|false&#8220; custom_margin_last_edited=&#8220;on|desktop&#8220; animation_direction=&#8220;right&#8220; header_font_size_tablet=&#8220;42px&#8220; header_font_size_phone=&#8220;32px&#8220; header_font_size_last_edited=&#8220;on|phone&#8220; header_line_height_tablet=&#8220;&#8220; header_line_height_phone=&#8220;1.2em&#8220; header_line_height_last_edited=&#8220;on|desktop&#8220; global_colors_info=&#8220;{}&#8220;]<\/p>\n<h1>Ausbildung in Holz<\/h1>\n<p>[\/et_pb_text][\/et_pb_column][\/et_pb_row][\/et_pb_section][et_pb_section fb_built=&#8220;1&#8243; custom_padding_last_edited=&#8220;on|phone&#8220; module_id=&#8220;Brevet_tech_bois&#8220; _builder_version=&#8220;4.16&#8243; background_color=&#8220;#EDEDED&#8220; custom_padding=&#8220;100px|0px|50px|0px|false|false&#8220; custom_padding_tablet=&#8220;50px||50px||true|false&#8220; custom_padding_phone=&#8220;100px||50px||false|false&#8220; locked=&#8220;off&#8220; global_colors_info=&#8220;{}&#8220;][et_pb_row column_structure=&#8220;2_5,3_5&#8243; module_class=&#8220;row-style&#8220; _builder_version=&#8220;4.16&#8243; width_tablet=&#8220;90%&#8220; width_phone=&#8220;&#8220; width_last_edited=&#8220;on|tablet&#8220; max_width=&#8220;100%&#8220; custom_padding=&#8220;0px||0px||true|false&#8220; global_colors_info=&#8220;{}&#8220;][et_pb_column type=&#8220;2_5&#8243; _builder_version=&#8220;4.16&#8243; global_colors_info=&#8220;{}&#8220;][et_pb_text module_class=&#8220;title-style&#8220; _builder_version=&#8220;4.16&#8243; text_font=&#8220;Futura Medium bt|500|||||||&#8220; text_text_color=&#8220;#607680&#8243; text_font_size=&#8220;36px&#8220; text_line_height=&#8220;47px&#8220; header_2_font=&#8220;Futura Medium bt|500|||||||&#8220; header_2_text_color=&#8220;#607680&#8243; header_2_font_size=&#8220;42px&#8220; header_2_line_height=&#8220;47px&#8220; text_font_size_tablet=&#8220;&#8220; text_font_size_phone=&#8220;25px&#8220; text_font_size_last_edited=&#8220;on|phone&#8220; header_2_font_size_tablet=&#8220;28px&#8220; header_2_font_size_phone=&#8220;22px&#8220; header_2_font_size_last_edited=&#8220;on|phone&#8220; global_colors_info=&#8220;{}&#8220; header_2_2_font_size_tablet=&#8220;28px&#8220; header_3_2_font_size_tablet=&#8220;28px&#8220; header_4_2_font_size_tablet=&#8220;28px&#8220; header_5_2_font_size_tablet=&#8220;28px&#8220; header_6_2_font_size_tablet=&#8220;28px&#8220; header_2_2_font_size_phone=&#8220;22px&#8220; header_3_2_font_size_phone=&#8220;22px&#8220; header_4_2_font_size_phone=&#8220;22px&#8220; header_5_2_font_size_phone=&#8220;22px&#8220; header_6_2_font_size_phone=&#8220;22px&#8220; header_2_2_font_size_last_edited=&#8220;on|phone&#8220; header_3_2_font_size_last_edited=&#8220;on|phone&#8220; header_4_2_font_size_last_edited=&#8220;on|phone&#8220; header_5_2_font_size_last_edited=&#8220;on|phone&#8220; header_6_2_font_size_last_edited=&#8220;on|phone&#8220;]<\/p>\n<h2>| Brevet de technicien sup\u00e9rieur<\/h2>\n<p>[\/et_pb_text][et_pb_text _builder_version=&#8220;4.16&#8243; text_font=&#8220;Roboto|300|||||||&#8220; text_text_color=&#8220;#262f33&#8243; text_line_height=&#8220;2em&#8220; header_font=&#8220;Yeseva One||||||||&#8220; header_text_color=&#8220;#3c1c20&#8243; header_font_size=&#8220;47px&#8220; text_orientation=&#8220;justified&#8220; custom_margin=&#8220;-15px||&#8220; text_font_size_tablet=&#8220;&#8220; text_font_size_phone=&#8220;15px&#8220; text_font_size_last_edited=&#8220;on|phone&#8220; global_colors_info=&#8220;{}&#8220;]<\/p>\n<p>Das Abschlusszeugnis des \u201eTechnicien Sup\u00e9rieur\u201c, besser bekannt unter seiner Abk\u00fcrzung BTS, ist ein nationaler Hochschulabschluss. Es wird normalerweise in zwei Jahren im Anschluss an das Abitur gemacht. Dieser Abschluss, der theoretischen Unterricht in kleinen Gruppen, Berufspraxis und Praktika vor Ort miteinander verbindet, bereitet die Sch\u00fcler optimal auf die Berufswelt vor.<\/p>\n<p>[\/et_pb_text][et_pb_button button_url=&#8220;https:\/\/lnw.lu\/index.php\/homepage\/bts-bois&#8220; button_text=&#8220;Mehr erfahren&#8220; _builder_version=&#8220;4.16&#8243; custom_button=&#8220;on&#8220; button_text_size=&#8220;18px&#8220; button_text_color=&#8220;#ffffff&#8220; button_bg_color=&#8220;#607680&#8243; button_border_color=&#8220;rgba(0,0,0,0)&#8220; button_border_radius=&#8220;4px&#8220; button_letter_spacing=&#8220;2px&#8220; button_font=&#8220;Montserrat|700||on|||||&#8220; button_use_icon=&#8220;off&#8220; custom_margin=&#8220;||&#8220; custom_padding=&#8220;17px|30px|17px|30px|true|true&#8220; button_text_size_tablet=&#8220;&#8220; button_text_size_phone=&#8220;16px&#8220; button_text_size_last_edited=&#8220;on|phone&#8220; global_colors_info=&#8220;{}&#8220; transform_translate__hover_enabled=&#8220;on|desktop&#8220; transform_rotate__hover_enabled=&#8220;on|desktop&#8220; transform_skew__hover_enabled=&#8220;on|desktop&#8220; transform_origin__hover_enabled=&#8220;on|desktop&#8220; button_bg_color__hover_enabled=&#8220;on|desktop&#8220; button_bg_color__hover=&#8220;#8fb1c0&#8243; button_text_color__hover=&#8220;#ffffff&#8220; button_text_color__hover_enabled=&#8220;on|hover&#8220; button_border_color__hover=&#8220;rgba(0,0,0,0)&#8220; button_border_color__hover_enabled=&#8220;on|desktop&#8220; button_letter_spacing__hover=&#8220;2px&#8220; button_letter_spacing__hover_enabled=&#8220;on|hover&#8220; button_bg_enable_color__hover=&#8220;on&#8220; button_custom_padding_phone=&#8220;12px|30px|12px|30px|true|true&#8220; button_custom_padding_last_edited=&#8220;on|phone&#8220;][\/et_pb_button][et_pb_button button_url=&#8220;https:\/\/mewo.lu\/wp-content\/uploads\/2022\/05\/brochure_Lycee-du-Nord-BTS-Bois.pdf&#8220; button_text=&#8220;Laden Sie die Brosch\u00fcre herunter&#8220; _builder_version=&#8220;4.16&#8243; custom_button=&#8220;on&#8220; button_text_size=&#8220;18px&#8220; button_text_color=&#8220;#ffffff&#8220; button_bg_color=&#8220;#607680&#8243; button_border_color=&#8220;rgba(0,0,0,0)&#8220; button_border_radius=&#8220;4px&#8220; button_letter_spacing=&#8220;2px&#8220; button_font=&#8220;Montserrat|700||on|||||&#8220; button_use_icon=&#8220;off&#8220; custom_margin=&#8220;||&#8220; custom_padding=&#8220;17px|30px|17px|30px|true|true&#8220; button_text_size_tablet=&#8220;&#8220; button_text_size_phone=&#8220;16px&#8220; button_text_size_last_edited=&#8220;on|phone&#8220; global_colors_info=&#8220;{}&#8220; transform_translate__hover_enabled=&#8220;on|desktop&#8220; transform_rotate__hover_enabled=&#8220;on|desktop&#8220; transform_skew__hover_enabled=&#8220;on|desktop&#8220; transform_origin__hover_enabled=&#8220;on|desktop&#8220; button_bg_color__hover_enabled=&#8220;on|desktop&#8220; button_bg_color__hover=&#8220;#8fb1c0&#8243; button_text_color__hover=&#8220;#ffffff&#8220; button_text_color__hover_enabled=&#8220;on|hover&#8220; button_border_color__hover=&#8220;rgba(0,0,0,0)&#8220; button_border_color__hover_enabled=&#8220;on|desktop&#8220; button_letter_spacing__hover=&#8220;2px&#8220; button_letter_spacing__hover_enabled=&#8220;on|hover&#8220; button_bg_enable_color__hover=&#8220;on&#8220; button_custom_padding_phone=&#8220;12px|30px|12px|30px|true|true&#8220; button_custom_padding_last_edited=&#8220;on|phone&#8220;][\/et_pb_button][\/et_pb_column][et_pb_column type=&#8220;3_5&#8243; module_class=&#8220;right-post&#8220; _builder_version=&#8220;4.16&#8243; global_colors_info=&#8220;{}&#8220;][et_pb_text module_class=&#8220;item-5&#8243; _builder_version=&#8220;4.16&#8243; text_font=&#8220;Roboto|300|||||||&#8220; link_font=&#8220;Futura Medium bt|500|||||||&#8220; border_radii=&#8220;on|10px|10px|10px|10px&#8220; global_colors_info=&#8220;{}&#8220;]<\/p>\n<p><a href=\"#\"><img loading=\"lazy\" decoding=\"async\" src=\"https:\/\/mewo.lu\/wp-content\/uploads\/2025\/06\/Brevet-de-technicien-superieur-3.png\" alt=\"\" class=\"wp-image-51666 alignnone size-medium\" style=\"display: block; margin-left: auto; margin-right: auto;\" width=\"300\" height=\"185\"><\/a><\/p>\n<div class=\"item-post\">\n<h3>BTS Technologie Bois<\/h3>\n<p>&nbsp;<\/p>\n<\/div>\n<p>[\/et_pb_text][\/et_pb_column][\/et_pb_row][et_pb_row disabled_on=&#8220;off|off|off&#8220; module_class=&#8220;row-style&#8220; _builder_version=&#8220;4.16&#8243; width_tablet=&#8220;90%&#8220; width_phone=&#8220;&#8220; width_last_edited=&#8220;on|tablet&#8220; max_width=&#8220;100%&#8220; custom_padding=&#8220;50px||50px||true|false&#8220; global_colors_info=&#8220;{}&#8220;][et_pb_column type=&#8220;4_4&#8243; _builder_version=&#8220;4.16&#8243; global_colors_info=&#8220;{}&#8220;][et_pb_text module_class=&#8220;title-style&#8220; _builder_version=&#8220;4.16&#8243; text_font=&#8220;Futura Medium bt|500|||||||&#8220; text_text_color=&#8220;#607680&#8243; text_font_size=&#8220;36px&#8220; text_line_height=&#8220;47px&#8220; header_2_font=&#8220;Futura Medium bt|500|||||||&#8220; header_2_text_color=&#8220;#607680&#8243; header_2_font_size=&#8220;42px&#8220; header_2_line_height=&#8220;47px&#8220; text_font_size_tablet=&#8220;&#8220; text_font_size_phone=&#8220;25px&#8220; text_font_size_last_edited=&#8220;on|phone&#8220; header_2_font_size_tablet=&#8220;28px&#8220; header_2_font_size_phone=&#8220;22px&#8220; header_2_font_size_last_edited=&#8220;on|phone&#8220; global_colors_info=&#8220;{}&#8220; header_2_2_font_size_tablet=&#8220;28px&#8220; header_3_2_font_size_tablet=&#8220;28px&#8220; header_4_2_font_size_tablet=&#8220;28px&#8220; header_5_2_font_size_tablet=&#8220;28px&#8220; header_6_2_font_size_tablet=&#8220;28px&#8220; header_2_2_font_size_phone=&#8220;22px&#8220; header_3_2_font_size_phone=&#8220;22px&#8220; header_4_2_font_size_phone=&#8220;22px&#8220; header_5_2_font_size_phone=&#8220;22px&#8220; header_6_2_font_size_phone=&#8220;22px&#8220; header_2_2_font_size_last_edited=&#8220;on|phone&#8220; header_3_2_font_size_last_edited=&#8220;on|phone&#8220; header_4_2_font_size_last_edited=&#8220;on|phone&#8220; header_5_2_font_size_last_edited=&#8220;on|phone&#8220; header_6_2_font_size_last_edited=&#8220;on|phone&#8220;]<\/p>\n<h2>| Kontaktieren Sie uns f\u00fcr weitere Informationen.<\/h2>\n<p>[\/et_pb_text][et_pb_text _builder_version=&#8220;4.26.0&#8243; _module_preset=&#8220;default&#8220; global_colors_info=&#8220;{}&#8220;]<\/p>\n\n<div class=\"wpcf7 no-js\" id=\"wpcf7-f53067-o1\" lang=\"fr-FR\" dir=\"ltr\" data-wpcf7-id=\"53067\">\n<div class=\"screen-reader-response\"><p role=\"status\" aria-live=\"polite\" aria-atomic=\"true\"><\/p> <ul><\/ul><\/div>\n<form action=\"\/de\/wp-json\/wp\/v2\/pages\/55142#wpcf7-f53067-o1\" method=\"post\" class=\"wpcf7-form init\" aria-label=\"Formulaire de contact\" enctype=\"multipart\/form-data\" novalidate=\"novalidate\" data-status=\"init\">\n<fieldset class=\"hidden-fields-container\"><input type=\"hidden\" name=\"_wpcf7\" value=\"53067\" \/><input type=\"hidden\" name=\"_wpcf7_version\" value=\"6.1.5\" \/><input type=\"hidden\" name=\"_wpcf7_locale\" value=\"fr_FR\" \/><input type=\"hidden\" name=\"_wpcf7_unit_tag\" value=\"wpcf7-f53067-o1\" \/><input type=\"hidden\" name=\"_wpcf7_container_post\" value=\"0\" \/><input type=\"hidden\" name=\"_wpcf7_posted_data_hash\" value=\"\" \/>\n<\/fieldset>\n<div class=\"contact-form\">\n\t<div class=\"nom-et-prenom contact-form-item\">\n\t\t<p><span class=\"wpcf7-form-control-wrap\" data-name=\"nom-et-prenom\"><input size=\"40\" maxlength=\"400\" class=\"wpcf7-form-control wpcf7-text wpcf7-validates-as-required\" aria-required=\"true\" aria-invalid=\"false\" placeholder=\"Nom et Pr\u00e9nom\" value=\"\" type=\"text\" name=\"nom-et-prenom\" \/><\/span>\n\t\t<\/p>\n\t<\/div>\n\t<div class=\"telephone contact-form-item\">\n\t\t<p><span class=\"wpcf7-form-control-wrap\" data-name=\"telephone\"><input size=\"40\" maxlength=\"400\" class=\"wpcf7-form-control wpcf7-tel wpcf7-validates-as-required wpcf7-text wpcf7-validates-as-tel\" aria-required=\"true\" aria-invalid=\"false\" placeholder=\"T\u00e9l\u00e9phone\" value=\"\" type=\"tel\" name=\"telephone\" \/><\/span>\n\t\t<\/p>\n\t<\/div>\n\t<div class=\"email contact-form-item\">\n\t\t<p><span class=\"wpcf7-form-control-wrap\" data-name=\"email\"><input size=\"40\" maxlength=\"400\" class=\"wpcf7-form-control wpcf7-email wpcf7-validates-as-required wpcf7-text wpcf7-validates-as-email\" aria-required=\"true\" aria-invalid=\"false\" placeholder=\"E-mail\" value=\"\" type=\"email\" name=\"email\" \/><\/span>\n\t\t<\/p>\n\t<\/div>\n\t<div class=\"number contact-form-item\">\n\t\t<p><span class=\"wpcf7-form-control-wrap\" data-name=\"age\"><input size=\"40\" maxlength=\"400\" class=\"wpcf7-form-control wpcf7-text wpcf7-validates-as-required\" aria-required=\"true\" aria-invalid=\"false\" placeholder=\"\u00c2ge\" value=\"\" type=\"text\" name=\"age\" \/><\/span>\n\t\t<\/p>\n\t<\/div>\n\t<div class=\"file contact-form-item\">\n\t\t<p><span class=\"wpcf7-form-control-wrap\" data-name=\"file\"><input size=\"40\" class=\"wpcf7-form-control wpcf7-file\" id=\"cv-file\" accept=\"audio\/*,video\/*,image\/*\" aria-invalid=\"false\" type=\"file\" name=\"file\" \/><\/span><label id=\"fileLabel\" for=\"cv-file\">Importer mon CV (optionnel)<\/label>\n\t\t<\/p>\n\t<\/div>\n\t<div class=\"message contact-form-item\">\n\t\t<p><span class=\"wpcf7-form-control-wrap\" data-name=\"message\"><textarea cols=\"40\" rows=\"10\" maxlength=\"2000\" class=\"wpcf7-form-control wpcf7-textarea\" aria-invalid=\"false\" placeholder=\"Message\" name=\"message\"><\/textarea><\/span>\n\t\t<\/p>\n\t<\/div>\n\t<div class=\"politic contact-form-item\">\n\t\t<p><span class=\"wpcf7-form-control-wrap\" data-name=\"checkbox\"><span class=\"wpcf7-form-control wpcf7-checkbox wpcf7-validates-as-required\"><span class=\"wpcf7-list-item first last\"><label><input type=\"checkbox\" name=\"checkbox[]\" value=\"J&#039;accepte que mes donn\u00e9es soient transmises \u00e0 Mewo dans le cadre de ma demande d&#039;information.\" \/><span class=\"wpcf7-list-item-label\">J&#039;accepte que mes donn\u00e9es soient transmises \u00e0 Mewo dans le cadre de ma demande d&#039;information.<\/span><\/label><\/span><\/span><\/span>\n\t\t<\/p>\n\t<\/div>\n\t<div class=\"submit contact-form-item\">\n\t\t<p><input class=\"wpcf7-form-control wpcf7-submit has-spinner\" type=\"submit\" value=\"ENVOYER\" \/>\n\t\t<\/p>\n\t<\/div>\n<\/div><div class=\"wpcf7-response-output\" aria-hidden=\"true\"><\/div>\n<\/form>\n<\/div>\n\n<p>[\/et_pb_text][\/et_pb_column][\/et_pb_row][\/et_pb_section]<\/p>\n","protected":false},"excerpt":{"rendered":"<p>Conf\u00e9d\u00e9ration du Bois et du M\u00e9talAusbildung in Holz| Brevet de technicien sup\u00e9rieurDas Abschlusszeugnis des \u201eTechnicien Sup\u00e9rieur\u201c, besser bekannt unter seiner &#8230;<\/p>\n","protected":false},"author":14,"featured_media":0,"parent":0,"menu_order":0,"comment_status":"closed","ping_status":"closed","template":"","meta":{"_acf_changed":false,"_et_pb_use_builder":"on","_et_pb_old_content":"","_et_gb_content_width":"","inline_featured_image":false,"footnotes":""},"class_list":["post-55142","page","type-page","status-publish","hentry"],"acf":[],"_links":{"self":[{"href":"https:\/\/mewo.lu\/de\/wp-json\/wp\/v2\/pages\/55142","targetHints":{"allow":["GET"]}}],"collection":[{"href":"https:\/\/mewo.lu\/de\/wp-json\/wp\/v2\/pages"}],"about":[{"href":"https:\/\/mewo.lu\/de\/wp-json\/wp\/v2\/types\/page"}],"author":[{"embeddable":true,"href":"https:\/\/mewo.lu\/de\/wp-json\/wp\/v2\/users\/14"}],"replies":[{"embeddable":true,"href":"https:\/\/mewo.lu\/de\/wp-json\/wp\/v2\/comments?post=55142"}],"version-history":[{"count":3,"href":"https:\/\/mewo.lu\/de\/wp-json\/wp\/v2\/pages\/55142\/revisions"}],"predecessor-version":[{"id":55174,"href":"https:\/\/mewo.lu\/de\/wp-json\/wp\/v2\/pages\/55142\/revisions\/55174"}],"wp:attachment":[{"href":"https:\/\/mewo.lu\/de\/wp-json\/wp\/v2\/media?parent=55142"}],"curies":[{"name":"wp","href":"https:\/\/api.w.org\/{rel}","templated":true}]}}