{"id":55139,"date":"2025-07-21T16:20:32","date_gmt":"2025-07-21T14:20:32","guid":{"rendered":"https:\/\/mewo.lu\/meisterbrief-metallstrecke\/"},"modified":"2025-07-25T11:16:35","modified_gmt":"2025-07-25T09:16:35","slug":"meisterbrief-metallstrecke","status":"publish","type":"page","link":"https:\/\/mewo.lu\/de\/meisterbrief-metallstrecke\/","title":{"rendered":"Meisterbrief &#8211; Metallstrecke"},"content":{"rendered":"<p>[et_pb_section fb_built=&#8220;1&#8243; custom_padding_last_edited=&#8220;on|phone&#8220; _builder_version=&#8220;4.26.0&#8243; background_enable_color=&#8220;off&#8220; background_image=&#8220;https:\/\/mewo.lu\/wp-content\/uploads\/2020\/03\/Group-37.jpg&#8220; background_enable_video_mp4=&#8220;off&#8220; min_height=&#8220;730px&#8220; min_height_tablet=&#8220;400px&#8220; min_height_phone=&#8220;auto&#8220; min_height_last_edited=&#8220;on|phone&#8220; custom_margin=&#8220;-133px||||false|false&#8220; custom_padding=&#8220;134px||134px||true|false&#8220; custom_padding_tablet=&#8220;70px||70px||true|false&#8220; custom_padding_phone=&#8220;50px||50px||true|false&#8220; background_last_edited=&#8220;off|desktop&#8220; background_video_mp4_phone=&#8220;https:\/\/mewo.lu\/wp-content\/uploads\/2020\/06\/BTS-Filme_Metall_LAF01.mp4&#8243; background_enable_video_mp4_phone=&#8220;on&#8220; locked=&#8220;off&#8220; collapsed=&#8220;on&#8220; global_colors_info=&#8220;{}&#8220;][et_pb_row use_custom_gutter=&#8220;on&#8220; gutter_width=&#8220;2&#8243; make_equal=&#8220;on&#8220; _builder_version=&#8220;4.26.0&#8243; width_tablet=&#8220;90%&#8220; width_phone=&#8220;90%&#8220; width_last_edited=&#8220;off|phone&#8220; max_width_tablet=&#8220;90%&#8220; max_width_phone=&#8220;90%&#8220; max_width_last_edited=&#8220;off|tablet&#8220; custom_margin=&#8220;435px||||false|false&#8220; custom_padding=&#8220;||0px|||&#8220; global_colors_info=&#8220;{}&#8220;][et_pb_column type=&#8220;4_4&#8243; _builder_version=&#8220;4.16&#8243; custom_padding=&#8220;|||&#8220; global_colors_info=&#8220;{}&#8220; custom_padding__hover=&#8220;|||&#8220;][et_pb_text _builder_version=&#8220;4.16&#8243; text_font=&#8220;Futura Book|600|||||||&#8220; text_text_color=&#8220;#8fb1c0&#8243; text_letter_spacing=&#8220;4px&#8220; header_font=&#8220;Futura Book|600|||||||&#8220; header_text_color=&#8220;#8fb1c0&#8243; header_font_size=&#8220;14px&#8220; header_letter_spacing=&#8220;4px&#8220; custom_padding=&#8220;|||3px&#8220; animation_direction=&#8220;left&#8220; header_font_size_phone=&#8220;12px&#8220; global_colors_info=&#8220;{}&#8220;]<\/p>\n<p>Conf\u00e9d\u00e9ration du Bois et du M\u00e9tal<\/p>\n<p>[\/et_pb_text][et_pb_text _builder_version=&#8220;4.16&#8243; header_font=&#8220;Futura Medium bt|700||on|||||&#8220; header_text_color=&#8220;#ffffff&#8220; header_font_size=&#8220;60px&#8220; header_line_height=&#8220;1.3em&#8220; custom_margin=&#8220;-25px||||false|false&#8220; custom_margin_tablet=&#8220;-40px||||false|false&#8220; custom_margin_phone=&#8220;-31px||||false|false&#8220; custom_margin_last_edited=&#8220;on|desktop&#8220; animation_direction=&#8220;right&#8220; header_font_size_tablet=&#8220;48px&#8220; header_font_size_phone=&#8220;32px&#8220; header_font_size_last_edited=&#8220;on|phone&#8220; header_line_height_tablet=&#8220;&#8220; header_line_height_phone=&#8220;1.2em&#8220; header_line_height_last_edited=&#8220;on|desktop&#8220; global_colors_info=&#8220;{}&#8220;]<\/p>\n<h1>Ausbildung in Metall<\/h1>\n<p>[\/et_pb_text][\/et_pb_column][\/et_pb_row][\/et_pb_section][et_pb_section fb_built=&#8220;1&#8243; custom_padding_last_edited=&#8220;on|phone&#8220; module_id=&#8220;Brevet_m\u00e9tal&#8220; module_class=&#8220;blue-bg&#8220; _builder_version=&#8220;4.16&#8243; background_color=&#8220;#607680&#8243; custom_padding=&#8220;130px||130px||true|false&#8220; custom_padding_tablet=&#8220;70px||70px||true|false&#8220; custom_padding_phone=&#8220;50px||50px||true|false&#8220; locked=&#8220;off&#8220; global_colors_info=&#8220;{}&#8220;][et_pb_row column_structure=&#8220;2_5,3_5&#8243; module_class=&#8220;row-style&#8220; _builder_version=&#8220;4.16&#8243; width_tablet=&#8220;90%&#8220; width_phone=&#8220;&#8220; width_last_edited=&#8220;on|tablet&#8220; max_width=&#8220;80%&#8220; custom_padding=&#8220;0px||0px||true|false&#8220; global_colors_info=&#8220;{}&#8220;][et_pb_column type=&#8220;2_5&#8243; _builder_version=&#8220;4.16&#8243; global_colors_info=&#8220;{}&#8220;][et_pb_text module_class=&#8220;title-style&#8220; _builder_version=&#8220;4.16&#8243; text_font=&#8220;Futura Medium bt|500|||||||&#8220; text_text_color=&#8220;#607680&#8243; text_font_size=&#8220;36px&#8220; text_line_height=&#8220;47px&#8220; header_2_font=&#8220;Futura Medium bt|500|||||||&#8220; header_2_text_color=&#8220;#ffffff&#8220; header_2_font_size=&#8220;42px&#8220; header_2_line_height=&#8220;47px&#8220; text_font_size_tablet=&#8220;&#8220; text_font_size_phone=&#8220;25px&#8220; text_font_size_last_edited=&#8220;on|phone&#8220; header_2_font_size_tablet=&#8220;28px&#8220; header_2_font_size_phone=&#8220;22px&#8220; header_2_font_size_last_edited=&#8220;on|phone&#8220; global_colors_info=&#8220;{}&#8220; header_2_2_font_size_tablet=&#8220;28px&#8220; header_3_2_font_size_tablet=&#8220;28px&#8220; header_4_2_font_size_tablet=&#8220;28px&#8220; header_5_2_font_size_tablet=&#8220;28px&#8220; header_6_2_font_size_tablet=&#8220;28px&#8220; header_2_2_font_size_phone=&#8220;22px&#8220; header_3_2_font_size_phone=&#8220;22px&#8220; header_4_2_font_size_phone=&#8220;22px&#8220; header_5_2_font_size_phone=&#8220;22px&#8220; header_6_2_font_size_phone=&#8220;22px&#8220; header_2_2_font_size_last_edited=&#8220;on|phone&#8220; header_3_2_font_size_last_edited=&#8220;on|phone&#8220; header_4_2_font_size_last_edited=&#8220;on|phone&#8220; header_5_2_font_size_last_edited=&#8220;on|phone&#8220; header_6_2_font_size_last_edited=&#8220;on|phone&#8220;]<\/p>\n<h2>| Brevet de ma\u00eetrise<\/h2>\n<p>[\/et_pb_text][et_pb_text _builder_version=&#8220;4.16&#8243; text_font=&#8220;Roboto|300|||||||&#8220; text_text_color=&#8220;#ffffff&#8220; text_line_height=&#8220;2em&#8220; header_font=&#8220;Yeseva One||||||||&#8220; header_text_color=&#8220;#3c1c20&#8243; header_font_size=&#8220;47px&#8220; text_orientation=&#8220;justified&#8220; custom_margin=&#8220;-15px||&#8220; text_font_size_tablet=&#8220;&#8220; text_font_size_phone=&#8220;15px&#8220; text_font_size_last_edited=&#8220;on|phone&#8220; global_colors_info=&#8220;{}&#8220;]<\/p>\n<p>Der Meisterbrief ist ein Diplom, der seinen Inhaber dazu berechtigt, sich im Handwerkssektor als Selbstst\u00e4ndiger niederzulassen und Lehrlinge auszubilden.<\/p>\n<p>Um f\u00fcr die Kurse angemeldet zu werden, muss der Bewerber das Berufsbef\u00e4higungszeugnis (DAP) besitzen oder als gleichwertig anerkannte Nachweise vorlegen. Ebenfalls zugelassen sind Inhaber, eines Sekundarschulabschlusses oder eines technischen Sekundarschulabschlusses sowie eines Technikerdiploms und bestimmter Hochschulabschl\u00fcsse, die Berufserfahrung nachweisen k\u00f6nnen.<\/p>\n<p>[\/et_pb_text][\/et_pb_column][et_pb_column type=&#8220;3_5&#8243; module_class=&#8220;right-post&#8220; _builder_version=&#8220;4.16&#8243; global_colors_info=&#8220;{}&#8220;][et_pb_text module_class=&#8220;item-5&#8243; _builder_version=&#8220;4.26.0&#8243; text_font=&#8220;Roboto|300|||||||&#8220; link_font=&#8220;Futura Medium bt|500|||||||&#8220; custom_margin=&#8220;||2px||false|false&#8220; border_radii=&#8220;on|10px|10px|10px|10px&#8220; global_colors_info=&#8220;{}&#8220;]<\/p>\n<p><a href=\"#\"><img loading=\"lazy\" decoding=\"async\" src=\"https:\/\/mewo.lu\/wp-content\/uploads\/2020\/03\/Rectangle-19.jpg\" alt=\"\" class=\"wp-image-51603 alignnone size-medium\" style=\"display: block; margin-left: auto; margin-right: auto;\" width=\"300\" height=\"185\"><\/a><\/p>\n<div class=\"item-post\">\n<h3><a href=\"#\">Serrurier\/Entrepreneur de constructions m\u00e9talliques<\/a><\/h3>\n<p><a href=\"https:\/\/www.handsup.lu\/fr\/perspektiv-handwierk\/create-your-future\/cree-ton-futur-deviens-serrurier-entrepreneur-de-constructions-metalliques\" target=\"_blank\" rel=\"noopener\">Mehr erfahren<\/a><\/p>\n<\/div>\n<p>[\/et_pb_text][et_pb_text module_class=&#8220;item-5&#8243; _builder_version=&#8220;4.26.0&#8243; text_font=&#8220;Roboto|300|||||||&#8220; link_font=&#8220;Futura Medium bt|500|||||||&#8220; custom_margin=&#8220;|||15px|false|false&#8220; hover_enabled=&#8220;0&#8243; border_radii=&#8220;on|10px|10px|10px|10px&#8220; global_colors_info=&#8220;{}&#8220; custom_margin_last_edited=&#8220;on|phone&#8220; custom_margin_phone=&#8220;30px|||0px|false|false&#8220; sticky_enabled=&#8220;0&#8243; custom_margin_tablet=&#8220;|||15px|false|false&#8220;]<\/p>\n<p><a href=\"#\"><img loading=\"lazy\" decoding=\"async\" src=\"https:\/\/mewo.lu\/wp-content\/uploads\/2020\/03\/Rectangle-19.jpg\" alt=\"\" class=\"wp-image-51603 alignnone size-medium\" style=\"display: block; margin-left: auto; margin-right: auto;\" width=\"300\" height=\"185\" \/><\/a><\/p>\n<div class=\"item-post\">\n<h3><a href=\"#\">M\u00e9canicien en m\u00e9canique g\u00e9n\u00e9rale<\/a><\/h3>\n<p><a href=\"https:\/\/www.handsup.lu\/fr\/metiers-formations\/metiers-de-la-mecanique\/mecanicien-de-mecanique-generale\" target=\"_blank\" rel=\"noopener\">Mehr erfahren<\/a><\/p>\n<\/div>\n<p>[\/et_pb_text][\/et_pb_column][\/et_pb_row][et_pb_row column_structure=&#8220;2_5,3_5&#8243; module_class=&#8220;row-style&#8220; _builder_version=&#8220;4.16&#8243; width_tablet=&#8220;90%&#8220; width_phone=&#8220;&#8220; width_last_edited=&#8220;on|tablet&#8220; max_width=&#8220;80%&#8220; custom_margin=&#8220;5%||||false|false&#8220; custom_padding=&#8220;0px||0px||true|false&#8220; global_colors_info=&#8220;{}&#8220;][et_pb_column type=&#8220;2_5&#8243; _builder_version=&#8220;4.16&#8243; global_colors_info=&#8220;{}&#8220;][\/et_pb_column][et_pb_column type=&#8220;3_5&#8243; module_class=&#8220;right-post&#8220; _builder_version=&#8220;4.16&#8243; global_colors_info=&#8220;{}&#8220;][et_pb_text module_class=&#8220;item-5&#8243; _builder_version=&#8220;4.16&#8243; text_font=&#8220;Roboto|300|||||||&#8220; link_font=&#8220;Futura Medium bt|500|||||||&#8220; border_radii=&#8220;on|10px|10px|10px|10px&#8220; global_colors_info=&#8220;{}&#8220;]<\/p>\n<p><a href=\"#\"><img loading=\"lazy\" decoding=\"async\" src=\"https:\/\/mewo.lu\/wp-content\/uploads\/2020\/03\/Rectangle-19.jpg\" alt=\"\" class=\"wp-image-51603 alignnone size-medium\" style=\"display: block; margin-left: auto; margin-right: auto;\" width=\"300\" height=\"185\"><\/a><\/p>\n<div class=\"item-post\">\n<h3><a href=\"#\">M\u00e9canicien de machines et de mat\u00e9riels industriels et de la construction<\/a><\/h3>\n<p><a href=\"https:\/\/www.handsup.lu\/fr\/metiers-formations\/metiers-de-la-mecanique\/mecatronicien-de-machines-et-de-materiels-industriels-et-de-la-construction\" target=\"_blank\" rel=\"noopener\">Mehr erfahren<\/a><\/p>\n<\/div>\n<p>[\/et_pb_text][\/et_pb_column][\/et_pb_row][et_pb_row disabled_on=&#8220;on|on|on&#8220; module_class=&#8220;row-style&#8220; _builder_version=&#8220;4.16&#8243; width_tablet=&#8220;90%&#8220; width_phone=&#8220;&#8220; width_last_edited=&#8220;on|tablet&#8220; max_width=&#8220;80%&#8220; custom_margin=&#8220;50px||||false|false&#8220; custom_padding=&#8220;0px||0px||true|false&#8220; disabled=&#8220;on&#8220; global_colors_info=&#8220;{}&#8220;][et_pb_column type=&#8220;4_4&#8243; _builder_version=&#8220;4.16&#8243; global_colors_info=&#8220;{}&#8220;][et_pb_text module_class=&#8220;title-style&#8220; _builder_version=&#8220;4.16&#8243; text_font=&#8220;Futura Medium bt|500|||||||&#8220; text_text_color=&#8220;#ffffff&#8220; text_font_size=&#8220;36px&#8220; text_line_height=&#8220;47px&#8220; header_2_font_size=&#8220;42px&#8220; text_font_size_tablet=&#8220;&#8220; text_font_size_phone=&#8220;25px&#8220; text_font_size_last_edited=&#8220;on|phone&#8220; header_2_font_size_tablet=&#8220;28px&#8220; header_2_font_size_phone=&#8220;22px&#8220; header_2_font_size_last_edited=&#8220;on|phone&#8220; global_colors_info=&#8220;{}&#8220; header_2_2_font_size_tablet=&#8220;28px&#8220; header_3_2_font_size_tablet=&#8220;28px&#8220; header_4_2_font_size_tablet=&#8220;28px&#8220; header_5_2_font_size_tablet=&#8220;28px&#8220; header_6_2_font_size_tablet=&#8220;28px&#8220; header_2_2_font_size_phone=&#8220;22px&#8220; header_3_2_font_size_phone=&#8220;22px&#8220; header_4_2_font_size_phone=&#8220;22px&#8220; header_5_2_font_size_phone=&#8220;22px&#8220; header_6_2_font_size_phone=&#8220;22px&#8220; header_2_2_font_size_last_edited=&#8220;on|phone&#8220; header_3_2_font_size_last_edited=&#8220;on|phone&#8220; header_4_2_font_size_last_edited=&#8220;on|phone&#8220; header_5_2_font_size_last_edited=&#8220;on|phone&#8220; header_6_2_font_size_last_edited=&#8220;on|phone&#8220;]<\/p>\n<p>Diese Abschl\u00fcsse erm\u00f6glichen den Zugang zu folgenden handwerklichen T\u00e4tigkeiten<\/p>\n<p>[\/et_pb_text][\/et_pb_column][\/et_pb_row][et_pb_row column_structure=&#8220;1_3,1_3,1_3&#8243; disabled_on=&#8220;on|on|on&#8220; module_class=&#8220;row-style&#8220; _builder_version=&#8220;4.16&#8243; width_tablet=&#8220;90%&#8220; width_phone=&#8220;&#8220; width_last_edited=&#8220;on|tablet&#8220; max_width=&#8220;80%&#8220; custom_margin=&#8220;50px||||false|false&#8220; custom_padding=&#8220;0px||0px||true|false&#8220; disabled=&#8220;on&#8220; global_colors_info=&#8220;{}&#8220;][et_pb_column type=&#8220;1_3&#8243; _builder_version=&#8220;4.16&#8243; global_colors_info=&#8220;{}&#8220;][et_pb_toggle title=&#8220;Profession 1&#8243; _builder_version=&#8220;4.16&#8243; background_color=&#8220;#ffffff&#8220; global_colors_info=&#8220;{}&#8220;]<\/p>\n<p>Your content goes here. Edit or remove this text inline or in the module Content settings. You can also style every aspect of this content in the module Design settings and even apply custom CSS to this text in the module Advanced settings.<\/p>\n<p>[\/et_pb_toggle][\/et_pb_column][et_pb_column type=&#8220;1_3&#8243; _builder_version=&#8220;4.16&#8243; global_colors_info=&#8220;{}&#8220;][et_pb_toggle title=&#8220;Profession 2&#8243; _builder_version=&#8220;4.16&#8243; background_color=&#8220;#ffffff&#8220; global_colors_info=&#8220;{}&#8220;]<\/p>\n<p>Your content goes here. Edit or remove this text inline or in the module Content settings. You can also style every aspect of this content in the module Design settings and even apply custom CSS to this text in the module Advanced settings.<\/p>\n<p>[\/et_pb_toggle][\/et_pb_column][et_pb_column type=&#8220;1_3&#8243; _builder_version=&#8220;4.16&#8243; global_colors_info=&#8220;{}&#8220;][et_pb_toggle title=&#8220;Profession 3&#8243; _builder_version=&#8220;4.16&#8243; background_color=&#8220;#ffffff&#8220; global_colors_info=&#8220;{}&#8220;]<\/p>\n<p>Your content goes here. Edit or remove this text inline or in the module Content settings. You can also style every aspect of this content in the module Design settings and even apply custom CSS to this text in the module Advanced settings.<\/p>\n<p>[\/et_pb_toggle][\/et_pb_column][\/et_pb_row][et_pb_row module_class=&#8220;dropdow-icon&#8220; _builder_version=&#8220;4.16&#8243; custom_padding=&#8220;0px||0px||true|false&#8220; global_colors_info=&#8220;{}&#8220;][et_pb_column type=&#8220;4_4&#8243; _builder_version=&#8220;4.16&#8243; global_colors_info=&#8220;{}&#8220;][et_pb_image src=&#8220;https:\/\/mewo.lu\/wp-content\/uploads\/2020\/03\/Icon-ionic-ios-arrow-forward-1.svg&#8220; align=&#8220;center&#8220; module_class=&#8220;dropdow-style&#8220; _builder_version=&#8220;4.16&#8243; background_image=&#8220;https:\/\/mewo.lu\/wp-content\/uploads\/2020\/03\/\u591a\u8fb9\u5f62-2.svg&#8220; custom_padding=&#8220;||||false|false&#8220; global_colors_info=&#8220;{}&#8220;][\/et_pb_image][\/et_pb_column][\/et_pb_row][\/et_pb_section]<\/p>\n","protected":false},"excerpt":{"rendered":"<p>Conf\u00e9d\u00e9ration du Bois et du M\u00e9talAusbildung in Metall| Brevet de ma\u00eetriseDer Meisterbrief ist ein Diplom, der seinen Inhaber dazu berechtigt, &#8230;<\/p>\n","protected":false},"author":14,"featured_media":0,"parent":0,"menu_order":0,"comment_status":"closed","ping_status":"closed","template":"","meta":{"_acf_changed":false,"_et_pb_use_builder":"on","_et_pb_old_content":"","_et_gb_content_width":"","inline_featured_image":false,"footnotes":""},"class_list":["post-55139","page","type-page","status-publish","hentry"],"acf":[],"_links":{"self":[{"href":"https:\/\/mewo.lu\/de\/wp-json\/wp\/v2\/pages\/55139","targetHints":{"allow":["GET"]}}],"collection":[{"href":"https:\/\/mewo.lu\/de\/wp-json\/wp\/v2\/pages"}],"about":[{"href":"https:\/\/mewo.lu\/de\/wp-json\/wp\/v2\/types\/page"}],"author":[{"embeddable":true,"href":"https:\/\/mewo.lu\/de\/wp-json\/wp\/v2\/users\/14"}],"replies":[{"embeddable":true,"href":"https:\/\/mewo.lu\/de\/wp-json\/wp\/v2\/comments?post=55139"}],"version-history":[{"count":7,"href":"https:\/\/mewo.lu\/de\/wp-json\/wp\/v2\/pages\/55139\/revisions"}],"predecessor-version":[{"id":55181,"href":"https:\/\/mewo.lu\/de\/wp-json\/wp\/v2\/pages\/55139\/revisions\/55181"}],"wp:attachment":[{"href":"https:\/\/mewo.lu\/de\/wp-json\/wp\/v2\/media?parent=55139"}],"curies":[{"name":"wp","href":"https:\/\/api.w.org\/{rel}","templated":true}]}}