{"id":54271,"date":"2019-11-07T10:49:22","date_gmt":"2019-11-07T09:49:22","guid":{"rendered":"https:\/\/mewo.lu\/unsere-berufe\/"},"modified":"2023-04-17T11:08:30","modified_gmt":"2023-04-17T09:08:30","slug":"unsere-berufe","status":"publish","type":"page","link":"https:\/\/mewo.lu\/de\/unsere-berufe\/","title":{"rendered":"Unsere Berufe"},"content":{"rendered":"<p>[et_pb_section fb_built=&#8220;1&#8243; custom_padding_last_edited=&#8220;off|desktop&#8220; _builder_version=&#8220;4.16&#8243; background_enable_color=&#8220;off&#8220; use_background_color_gradient=&#8220;on&#8220; background_color_gradient_stops=&#8220;rgba(38,47,51,0.69) 0%|rgba(38,47,51,0.69) 100%&#8220; background_color_gradient_overlays_image=&#8220;on&#8220; background_color_gradient_start=&#8220;rgba(38,47,51,0.69)&#8220; background_color_gradient_end=&#8220;rgba(38,47,51,0.69)&#8220; background_image=&#8220;https:\/\/mewo.lu\/wp-content\/uploads\/2019\/11\/shutterstock_226297183-1.jpg&#8220; custom_padding=&#8220;130px||130px||true|false&#8220; custom_padding_phone=&#8220;80px||80px||true&#8220; collapsed=&#8220;on&#8220; global_colors_info=&#8220;{}&#8220;][et_pb_row use_custom_gutter=&#8220;on&#8220; gutter_width=&#8220;2&#8243; make_equal=&#8220;on&#8220; _builder_version=&#8220;4.16&#8243; width_tablet=&#8220;90%&#8220; width_phone=&#8220;90%&#8220; width_last_edited=&#8220;off|phone&#8220; max_width_tablet=&#8220;90%&#8220; max_width_phone=&#8220;90%&#8220; max_width_last_edited=&#8220;off|tablet&#8220; custom_padding=&#8220;||0px|||&#8220; global_colors_info=&#8220;{}&#8220;][et_pb_column type=&#8220;4_4&#8243; _builder_version=&#8220;4.16&#8243; custom_padding=&#8220;|||&#8220; global_colors_info=&#8220;{}&#8220; custom_padding__hover=&#8220;|||&#8220;][et_pb_text _builder_version=&#8220;4.16&#8243; header_font=&#8220;Futura Book|600|||||||&#8220; header_text_color=&#8220;#8fb1c0&#8243; header_font_size=&#8220;14px&#8220; header_letter_spacing=&#8220;4px&#8220; custom_padding=&#8220;|||3px&#8220; animation_direction=&#8220;left&#8220; global_colors_info=&#8220;{}&#8220;]<\/p>\n<h1>Bund f\u00fcr Holz und Metall<\/h1>\n<p>[\/et_pb_text][et_pb_text _builder_version=&#8220;4.16&#8243; header_font=&#8220;Futura Medium bt|700||on|||||&#8220; header_text_color=&#8220;#ffffff&#8220; header_font_size=&#8220;50px&#8220; header_line_height=&#8220;1.3em&#8220; custom_margin=&#8220;-25px||||false|false&#8220; custom_margin_tablet=&#8220;-40px||||false|false&#8220; custom_margin_phone=&#8220;-31px||||false|false&#8220; custom_margin_last_edited=&#8220;on|desktop&#8220; animation_direction=&#8220;right&#8220; header_font_size_tablet=&#8220;&#8220; header_font_size_phone=&#8220;&#8220; header_font_size_last_edited=&#8220;on|desktop&#8220; header_line_height_tablet=&#8220;&#8220; header_line_height_phone=&#8220;1.2em&#8220; header_line_height_last_edited=&#8220;on|desktop&#8220; global_colors_info=&#8220;{}&#8220;]<\/p>\n<h1>Unsere Berufe<\/h1>\n<p>[\/et_pb_text][\/et_pb_column][\/et_pb_row][\/et_pb_section][et_pb_section fb_built=&#8220;1&#8243; _builder_version=&#8220;4.16&#8243; background_color=&#8220;#ededed&#8220; custom_padding=&#8220;80px|0px|80px|0px|true|false&#8220; global_colors_info=&#8220;{}&#8220;][et_pb_row _builder_version=&#8220;4.16&#8243; custom_padding=&#8220;31px|0px|31px|0px|true|false&#8220; global_colors_info=&#8220;{}&#8220;][et_pb_column type=&#8220;4_4&#8243; _builder_version=&#8220;4.16&#8243; custom_padding=&#8220;|||&#8220; global_colors_info=&#8220;{}&#8220; custom_padding__hover=&#8220;|||&#8220;][et_pb_text _builder_version=&#8220;4.16&#8243; custom_padding=&#8220;|||&#8220; global_colors_info=&#8220;{}&#8220;]<\/p>\n<h2>Der Beruf des Tischlers<\/h2>\n<p>[\/et_pb_text][et_pb_divider color=&#8220;#383838&#8243; divider_weight=&#8220;5px&#8220; _builder_version=&#8220;4.16&#8243; max_width=&#8220;35px&#8220; custom_margin=&#8220;-24px||&#8220; global_colors_info=&#8220;{}&#8220;][\/et_pb_divider][et_pb_text _builder_version=&#8220;4.16&#8243; header_font=&#8220;Yeseva One||||||||&#8220; header_text_color=&#8220;#3c1c20&#8243; header_font_size=&#8220;47px&#8220; custom_margin=&#8220;-15px||&#8220; global_colors_info=&#8220;{}&#8220;]<\/p>\n<p>Der Tischler ist ein Spezialist f\u00fcr den Entwurf und die Herstellung von Holzarbeiten, die f\u00fcr die Innen- und Au\u00dfenausstattung von Privatwohnungen und \u00f6ffentlichen Geb\u00e4uden bestimmt sind. Der Tischler ist ein Mann seiner Zeit, der seine T\u00e4tigkeit an die Neuzeit, d. h. an neue Techniken, sowie an neue Materialien angepasst hat. Auch wenn die Tradition nicht v\u00f6llig verschwunden ist und Holz nach wie vor sein wichtigstes Arbeitsmittel ist, fertigt er gelegentlich auch Arbeiten aus Kunststoff oder Aluminium an. Sein T\u00e4tigkeitsbereich hat sich ebenfalls erweitert: Die Herstellung von T\u00fcren, Fenstern, Einbauschr\u00e4nken, Treppen, Fensterl\u00e4den und Parkettb\u00f6den ist ein wesentlicher Bestandteil seiner Aufgaben. Doch neben dieser traditionellen T\u00e4tigkeit kommen heutzutage auch Isolierungs-, Schallschutz- und Abdichtungsarbeiten sowie die Innendekoration von Geb\u00e4uden hinzu. Dieses neue Gesicht des Tischlers zwingt ihn, seine F\u00e4higkeiten zu diversifizieren.<\/p>\n<p>metier-1metier-2<br \/>Dieser Beruf ist weniger k\u00f6rperlich anstrengend als die meisten anderen Berufe im Baugewerbe und wird \u00fcberwiegend in Werkst\u00e4tten ausge\u00fcbt. Wenn der Tischler eine Einrichtung oder ein M\u00f6belst\u00fcck anfertigen soll, wird er zun\u00e4chst die vom Architekten zur Verf\u00fcgung gestellten Pl\u00e4ne studieren oder selbst einen Vorschlag in Form einer Skizze machen. Nichts wird dem Zufall \u00fcberlassen, alle Parameter werden gemeinsam mit dem Kunden ber\u00fccksichtigt, Farbe, Dauerhaftigkeit des Holzes und der verschiedenen am Projekt beteiligten Materialien.<\/p>\n<p>Nachdem der Kunde sein Einverst\u00e4ndnis gegeben hat, beginnt die eigentliche Arbeit des Handwerkers. Mithilfe von Realisierungspl\u00e4nen organisiert er seinen Durchsatz. Diese Schneide- und Formarbeit kann heute mit modernen, CNC-gesteuerten Maschinen erledigt werden, die die Arbeit erheblich erleichtern. Nachdem die verschiedenen Teile zugeschnitten und gegebenenfalls neu geformt wurden, wird der Tischler mit der Montage des M\u00f6belst\u00fccks fortfahren, indem er alle diese Teile zusammenf\u00fcgt. Anschlie\u00dfend begibt er sich an den Ort des Geschehens und baut das Ganze vor Ort endg\u00fcltig auf.<\/p>\n<p>In Anbetracht der obigen Ausf\u00fchrungen kann man sagen, dass der Beruf des Tischlers ein kreativer, innovativer und den neuen Technologien zugewandter Beruf ist.<\/p>\n<p>[\/et_pb_text][\/et_pb_column][\/et_pb_row][\/et_pb_section][et_pb_section fb_built=&#8220;1&#8243; _builder_version=&#8220;4.16&#8243; use_background_color_gradient=&#8220;on&#8220; background_color_gradient_direction=&#8220;90deg&#8220; background_color_gradient_stops=&#8220;rgba(0,0,0,0) 50%|#262f33 50%&#8220; background_color_gradient_start=&#8220;rgba(0,0,0,0)&#8220; background_color_gradient_start_position=&#8220;50%&#8220; background_color_gradient_end=&#8220;#262f33&#8243; background_color_gradient_end_position=&#8220;0%&#8220; custom_padding=&#8220;80px|0px|80px|0px|true|false&#8220; collapsed=&#8220;on&#8220; global_colors_info=&#8220;{}&#8220;][et_pb_row column_structure=&#8220;1_2,1_2&#8243; padding_top_bottom_link_2=&#8220;true&#8220; padding_left_right_link_2=&#8220;true&#8220; _builder_version=&#8220;4.16&#8243; global_colors_info=&#8220;{}&#8220;][et_pb_column type=&#8220;1_2&#8243; _builder_version=&#8220;4.16&#8243; background_enable_color=&#8220;off&#8220; custom_padding=&#8220;|||&#8220; custom_padding_tablet=&#8220;50px|50px|50px|50px|true|true&#8220; custom_padding_phone=&#8220;50px|30px|50px|30px|true|true&#8220; custom_padding_last_edited=&#8220;on|tablet&#8220; global_colors_info=&#8220;{}&#8220; custom_padding__hover=&#8220;|||&#8220;][et_pb_text _builder_version=&#8220;4.16&#8243; custom_padding=&#8220;|||&#8220; global_colors_info=&#8220;{}&#8220;]<\/p>\n<h2>Dipl\u00f4me d&#8217;aptitude professionnelle (DAP) (Berufliches Eignungsdiplom)<\/h2>\n<p>[\/et_pb_text][et_pb_divider color=&#8220;#383838&#8243; divider_weight=&#8220;5px&#8220; _builder_version=&#8220;4.16&#8243; max_width=&#8220;35px&#8220; custom_margin=&#8220;-24px||&#8220; global_colors_info=&#8220;{}&#8220;][\/et_pb_divider][et_pb_text _builder_version=&#8220;4.16&#8243; header_font=&#8220;Yeseva One||||||||&#8220; header_text_color=&#8220;#3c1c20&#8243; header_font_size=&#8220;47px&#8220; custom_margin=&#8220;-15px||&#8220; global_colors_info=&#8220;{}&#8220;]<\/p>\n<p>Das Dipl\u00f4me d&#8217;aptitude professionnelle (DAP), ist ein nationales Diplom, das den Abschluss einer beruflichen Erstausbildung bescheinigt, gleich dem \u201eGesellenbrief\u201c. Es wird am Ende des letzten Ausbildungsjahres nach einer Pr\u00fcfung erworben, die einen theoretischen und einen praktischen Teil umfasst. Es bescheinigt, dass der Auszubildende, der diese Pr\u00fcfung bestanden hat, \u00fcber die theoretischen und praktischen F\u00e4higkeiten verf\u00fcgt, um den betreffenden Beruf oder die betreffende T\u00e4tigkeit als Fachkraft auszu\u00fcben.<\/p>\n<p>Nach dem DAP kann der Sch\u00fcler eine Technikerausbildung in der gleichen Fachrichtung fortsetzen oder einen Meisterbrief erwerben. Wenn nach der Ausbildung Vorbereitungsmodule belegt werden, kann ein h\u00f6heres technisches Studium in der seinem Abschluss entsprechenden Fachrichtung (Universit\u00e4t oder BTS) in Betracht kommen.<\/p>\n<p>[\/et_pb_text][\/et_pb_column][et_pb_column type=&#8220;1_2&#8243; _builder_version=&#8220;4.16&#8243; background_color=&#8220;#262f33&#8243; custom_padding=&#8220;|30px||30px&#8220; custom_padding_tablet=&#8220;50px|50px|50px|50px|true|true&#8220; custom_padding_phone=&#8220;&#8220; custom_padding_last_edited=&#8220;on|tablet&#8220; global_colors_info=&#8220;{}&#8220; custom_padding__hover=&#8220;|||&#8220;][et_pb_text _builder_version=&#8220;4.16&#8243; header_text_color=&#8220;#ffffff&#8220; header_2_text_color=&#8220;#ededed&#8220; custom_padding=&#8220;|||&#8220; global_colors_info=&#8220;{}&#8220;]<\/p>\n<h2>Brevet de ma\u00eetrise<\/h2>\n<p>[\/et_pb_text][et_pb_divider color=&#8220;#ededed&#8220; divider_weight=&#8220;5px&#8220; _builder_version=&#8220;4.16&#8243; max_width=&#8220;35px&#8220; custom_margin=&#8220;-24px||&#8220; global_colors_info=&#8220;{}&#8220;][\/et_pb_divider][et_pb_text _builder_version=&#8220;4.16&#8243; text_text_color=&#8220;#ffffff&#8220; header_font=&#8220;Yeseva One||||||||&#8220; header_text_color=&#8220;#3c1c20&#8243; header_font_size=&#8220;47px&#8220; custom_margin=&#8220;-15px||&#8220; global_colors_info=&#8220;{}&#8220;]<\/p>\n<p>Der Meisterbrief ist ein Diplom, der seinen Inhaber dazu berechtigt, sich im Handwerkssektor als Selbstst\u00e4ndiger niederzulassen und Lehrlinge auszubilden.<\/p>\n<p>Um f\u00fcr die Kurse angemeldet zu werden, muss der Bewerber das Berufsbef\u00e4higungszeugnis (DAP) besitzen oder als gleichwertig anerkannte Nachweise vorlegen. Ebenfalls zugelassen sind Inhaber, eines Sekundarschulabschlusses oder eines technischen Sekundarschulabschlusses sowie eines Technikerdiploms und bestimmter Hochschulabschl\u00fcsse, die Berufserfahrung nachweisen k\u00f6nnen.<\/p>\n<p>[\/et_pb_text][\/et_pb_column][\/et_pb_row][\/et_pb_section][et_pb_section fb_built=&#8220;1&#8243; _builder_version=&#8220;4.16&#8243; background_color=&#8220;#ededed&#8220; custom_padding=&#8220;80px|0px|80px|0px|true|false&#8220; global_colors_info=&#8220;{}&#8220;][et_pb_row _builder_version=&#8220;4.16&#8243; custom_padding=&#8220;31px|0px|31px|0px|true|false&#8220; global_colors_info=&#8220;{}&#8220;][et_pb_column type=&#8220;4_4&#8243; _builder_version=&#8220;4.16&#8243; custom_padding=&#8220;|||&#8220; global_colors_info=&#8220;{}&#8220; custom_padding__hover=&#8220;|||&#8220;][et_pb_text _builder_version=&#8220;4.16&#8243; custom_padding=&#8220;|||&#8220; global_colors_info=&#8220;{}&#8220;]<\/p>\n<h2>Das Brevet de technicien sup\u00e9rieur<\/h2>\n<p>[\/et_pb_text][et_pb_divider color=&#8220;#383838&#8243; divider_weight=&#8220;5px&#8220; _builder_version=&#8220;4.16&#8243; max_width=&#8220;35px&#8220; custom_margin=&#8220;-24px||&#8220; global_colors_info=&#8220;{}&#8220;][\/et_pb_divider][et_pb_text _builder_version=&#8220;4.16&#8243; header_font=&#8220;Yeseva One||||||||&#8220; header_text_color=&#8220;#3c1c20&#8243; header_font_size=&#8220;47px&#8220; custom_margin=&#8220;-15px||&#8220; global_colors_info=&#8220;{}&#8220;]<\/p>\n<p>Das Abschlusszeugnis des \u201eTechnicien Sup\u00e9rieur\u201c, besser bekannt unter seiner Abk\u00fcrzung BTS, ist ein nationaler Hochschulabschluss. Es wird normalerweise in zwei Jahren im Anschluss an das Abitur gemacht. Dieser Abschluss, der theoretischen Unterricht in kleinen Gruppen, Berufspraxis und Praktika vor Ort miteinander verbindet, bereitet die Sch\u00fcler optimal auf die Berufswelt vor.<\/p>\n<p>In Zusammenarbeit mit dem Lyc\u00e9e Technique du Nord in Wiltz und &#8222;Holzbau L\u00ebtzebuerg asbl&#8220; hat die APM die Ausbildung &#8222;BTS &#8211; Holztechnologie&#8220; entwickelt. Diese Ausbildung wird im September 2014 beginnen.<\/p>\n<p>[\/et_pb_text][\/et_pb_column][\/et_pb_row][\/et_pb_section][et_pb_section fb_built=&#8220;1&#8243; _builder_version=&#8220;4.16&#8243; background_enable_color=&#8220;off&#8220; custom_padding=&#8220;80px|0px|80px|0px|true|false&#8220; global_colors_info=&#8220;{}&#8220;][et_pb_row _builder_version=&#8220;4.16&#8243; custom_padding=&#8220;31px|0px|31px|0px|true|false&#8220; global_colors_info=&#8220;{}&#8220;][et_pb_column type=&#8220;4_4&#8243; _builder_version=&#8220;4.16&#8243; custom_padding=&#8220;|||&#8220; global_colors_info=&#8220;{}&#8220; custom_padding__hover=&#8220;|||&#8220;][et_pb_text _builder_version=&#8220;4.16&#8243; custom_padding=&#8220;|||&#8220; global_colors_info=&#8220;{}&#8220;]<\/p>\n<h2>MECHANIKER F\u00dcR MASCHINEN UND GER\u00c4TE IN DER INDUSTRIE UND IM BAUWESEN<\/h2>\n<p>[\/et_pb_text][et_pb_divider color=&#8220;#383838&#8243; divider_weight=&#8220;5px&#8220; _builder_version=&#8220;4.16&#8243; max_width=&#8220;35px&#8220; custom_margin=&#8220;-24px||&#8220; global_colors_info=&#8220;{}&#8220;][\/et_pb_divider][et_pb_text _builder_version=&#8220;4.16&#8243; header_font=&#8220;Yeseva One||||||||&#8220; header_text_color=&#8220;#3c1c20&#8243; header_font_size=&#8220;47px&#8220; custom_margin=&#8220;-15px||&#8220; global_colors_info=&#8220;{}&#8220;]<\/p>\n<p>AUSBILDUNGSDAUER 3 JAHRE<br \/>C.A.T.P. (Certificat d&#8217;Aptitude Technique et Professionnelle)*.<br \/>1 Jahr vollzeitschulische Ausbildung und 2 Jahre alternierende Ausbildung Betrieb\/Schule auf der Grundlage eines Ausbildungsvertrags in einem Betrieb.<\/p>\n<p>MEISTERBRIEF<br \/>M\u00f6glich nach Erhalt des CATP und 3 Jahren Berufspraxis in der Branche.<\/p>\n<p>T\u00c4TIGKEITSBEREICH<br \/>Der Maschinen- und Anlagenmechaniker f\u00fcr Industrie und Bauwesen verwaltet den Maschinen- und Werkzeugpark in der Industrie, in Unternehmen des Hoch- und Tiefbaus, des Ingenieurwesens und der Bauwirtschaft.<br \/>Zu den Aufgaben des Maschinen- und Anlagenmechanikers geh\u00f6ren die Inspektion von Maschinen, der Umbau und die Modifizierung von Hydraulikanlagen, die Demontage, der Austausch oder die Reparatur von besch\u00e4digten oder abgenutzten Maschinen oder Motoren. Dazu geh\u00f6ren u. a. Kr\u00e4ne, F\u00f6rderger\u00e4te, Erdbewegungsmaschinen, Betonaufbereitungsmaschinen, Betonmischer, Betonpumpen und Betonmischmaschinen, um nur einige zu nennen.<br \/>Bei den heutigen Ger\u00e4ten spielen sowohl die Hydraulik als auch die Elektrik und Elektronik, die Pneumatik und die Mechanik eine wichtige Rolle, was bedeutet, dass der Maschinen- und Anlagenmechaniker f\u00fcr Industrie und Bauwesen \u00fcber umfassende Kenntnisse in eben diesen technischen Bereichen verf\u00fcgen muss.<br \/>Da der Umgang mit den modernen Ger\u00e4ten ein fundiertes technisches Spezialwissen erfordert, muss er darauf achten, dass er sich st\u00e4ndig weiterbildet und sein technisches Wissen st\u00e4ndig aktualisiert, um dem Kunden einen schnellen und guten Service garantieren zu k\u00f6nnen.<\/p>\n<p>Der Maschinen- und Anlagenmechaniker f\u00fcr Industrie und Bauwesen h\u00e4lt den Maschinen- und Werkzeugpark vor allem auf der Baustelle instand. Gr\u00f6\u00dfere Reparaturarbeiten werden jedoch in der Werkstatt durchgef\u00fchrt. Die modernsten Ger\u00e4te und Werkzeuge tragen dazu bei, dem Mechaniker f\u00fcr Maschinen und Ger\u00e4te in der Industrie und im Bauwesen die Arbeit zu erleichtern.<\/p>\n<p>VORAUSSETZUNGEN F\u00dcR DIE AUS\u00dcBUNG DES BERUFS<br \/>Sinn f\u00fcr Pr\u00e4zision, ein vertieftes Verst\u00e4ndnis f\u00fcr Mechanik und Technik, eine hohe Konzentrationsf\u00e4higkeit, handwerkliches Geschick, methodisches Denken.<\/p>\n<p>SCHULEN<br \/>Lyc\u00e9e Technique des Arts et M\u00e9tiers (Technisches Gymnasium f\u00fcr Kunst und Handwerk): www.ltam.lu<\/p>\n<p>Lyc\u00e9e Technique de Bonnevoie: www.ltb.lu<\/p>\n<p>Lyc\u00e9e Technique Priv\u00e9 Emile Metz: www.ltpem.lu<\/p>\n<p>Lyc\u00e9e Technique Esch\/Alzette: www.lte.lu<\/p>\n<p>Technisches Gymnasium Jospeh Bech: www.ltjb.lu<\/p>\n<p>&nbsp;<\/p>\n<p>[\/et_pb_text][\/et_pb_column][\/et_pb_row][\/et_pb_section][et_pb_section fb_built=&#8220;1&#8243; _builder_version=&#8220;4.16&#8243; background_enable_color=&#8220;off&#8220; custom_padding=&#8220;80px|0px|80px|0px|true|false&#8220; global_colors_info=&#8220;{}&#8220;][et_pb_row _builder_version=&#8220;4.16&#8243; custom_padding=&#8220;31px|0px|31px|0px|true|false&#8220; global_colors_info=&#8220;{}&#8220;][et_pb_column type=&#8220;4_4&#8243; _builder_version=&#8220;4.16&#8243; custom_padding=&#8220;|||&#8220; global_colors_info=&#8220;{}&#8220; custom_padding__hover=&#8220;|||&#8220;][et_pb_text _builder_version=&#8220;4.16&#8243; custom_padding=&#8220;|||&#8220; global_colors_info=&#8220;{}&#8220;]<\/p>\n<h2>METALLBAUUNTERNEHMER<\/h2>\n<p>[\/et_pb_text][et_pb_divider color=&#8220;#383838&#8243; divider_weight=&#8220;5px&#8220; _builder_version=&#8220;4.16&#8243; max_width=&#8220;35px&#8220; custom_margin=&#8220;-24px||&#8220; global_colors_info=&#8220;{}&#8220;][\/et_pb_divider][et_pb_text _builder_version=&#8220;4.16&#8243; header_font=&#8220;Yeseva One||||||||&#8220; header_text_color=&#8220;#3c1c20&#8243; header_font_size=&#8220;47px&#8220; custom_margin=&#8220;-15px||&#8220; global_colors_info=&#8220;{}&#8220;]<\/p>\n<p>AUSBILDUNGSDAUER 3 JAHRE<br \/>C.A.T.P. (Certificat d&#8217;Aptitude Technique et Professionnelle)*.<br \/>1 Jahr vollzeitschulische Ausbildung und 2 Jahre alternierende Ausbildung Betrieb\/Schule auf der Grundlage eines Ausbildungsvertrags in einem Betrieb.<\/p>\n<p>MEISTERBRIEF<br \/>M\u00f6glich nach Erhalt des CATP und 3 Jahren Berufspraxis in der Branche.<\/p>\n<p>T\u00c4TIGKEITSBEREICH<br \/>Ihr T\u00e4tigkeitsbereich umfasst die Herstellung von Metallkonstruktionen aus verschiedenen Materialien nach einer Zeichnung oder nach eigenem Entwurf. Zu den verwendeten Materialien geh\u00f6ren Eisen und St\u00e4hle, rostfreie St\u00e4hle, Messing, Bronze, Kupfer, Aluminium sowie deren Legierungen und einige Kunststoffe. Er\/sie fertigt die folgenden Objekte an und montiert sie auf der Baustelle: T\u00fcren und Fenster, Treppen, Gel\u00e4nder und Br\u00fcstungen, Fassaden, Stahlhallen, Beh\u00e4lter aus Stahl und rostfreien St\u00e4hlen, schmiedeeiserne Teile. Sie sind in der Lage, auf der Baustelle Messungen vorzunehmen, Zeichnungen und Skizzen anzufertigen, Materialien exakt zuzuschneiden und zu bearbeiten, Bleche zu schneiden und zu biegen sowie Schwei\u00dfarbeiten nach verschiedenen Verfahren durchzuf\u00fchren. Das Zusammensetzen von kleinen Elementen zu gro\u00dfen Konstruktionen erfolgt auf der Grundlage von Zeichnungen, oft im Rahmen einer spezialisierten Arbeitsteilung. Die Interpretation von Skizzen stellt einen sehr wichtigen Aspekt der Arbeit eines Metallbauunternehmers dar.<\/p>\n<p>VORAUSSETZUNGEN F\u00dcR DIE AUS\u00dcBUNG DES BERUFS<br \/>Technisches Wissen, handwerkliches Geschick, Zeichentalent, Sinn f\u00fcr Genauigkeit.<\/p>\n<p>SCHULEN<br \/>Lyc\u00e9e Technique de Bonnevoie: www.ltb.lu<\/p>\n<p>Lyc\u00e9e Technique Priv\u00e9 Emile Metz: www.ltpem.lu<\/p>\n<p>Lyc\u00e9e Technique Esch\/Alzette: www.lte.lu<\/p>\n<p>Lyc\u00e9e du Nord: www.lnw.lu<\/p>\n<p>[\/et_pb_text][\/et_pb_column][\/et_pb_row][\/et_pb_section][et_pb_section fb_built=&#8220;1&#8243; _builder_version=&#8220;4.16&#8243; background_color=&#8220;#ededed&#8220; custom_padding=&#8220;80px|0px|80px|0px|true|false&#8220; global_colors_info=&#8220;{}&#8220;][et_pb_row _builder_version=&#8220;4.16&#8243; custom_padding=&#8220;31px|0px|31px|0px|true|false&#8220; global_colors_info=&#8220;{}&#8220;][et_pb_column type=&#8220;4_4&#8243; _builder_version=&#8220;4.16&#8243; custom_padding=&#8220;|||&#8220; global_colors_info=&#8220;{}&#8220; custom_padding__hover=&#8220;|||&#8220;][et_pb_text _builder_version=&#8220;4.16&#8243; custom_padding=&#8220;|||&#8220; global_colors_info=&#8220;{}&#8220;]<\/p>\n<h2>MECHANIKER F\u00dcR ALLGEMEINE MECHANIK<\/h2>\n<p>[\/et_pb_text][et_pb_divider color=&#8220;#383838&#8243; divider_weight=&#8220;5px&#8220; _builder_version=&#8220;4.16&#8243; max_width=&#8220;35px&#8220; custom_margin=&#8220;-24px||&#8220; global_colors_info=&#8220;{}&#8220;][\/et_pb_divider][et_pb_text _builder_version=&#8220;4.16&#8243; header_font=&#8220;Yeseva One||||||||&#8220; header_text_color=&#8220;#3c1c20&#8243; header_font_size=&#8220;47px&#8220; custom_margin=&#8220;-15px||&#8220; global_colors_info=&#8220;{}&#8220;]<\/p>\n<p>AUSBILDUNGSDAUER 3 JAHRE<br \/>C.A.T.P. (Certificat d&#8217;Aptitude Technique et Professionnelle)*.<br \/>3 Jahre abwechselnde Ausbildung in Betrieb und Schule auf der Grundlage eines Lehrvertrags im Betrieb.<\/p>\n<p>MEISTERBRIEF<br \/>M\u00f6glich nach Erhalt des CATP und 3 Jahren Berufspraxis in der Branche.<\/p>\n<p>T\u00c4TIGKEITSBEREICH<br \/>Ihr T\u00e4tigkeitsbereich umfasst die Herstellung von mechanischen Teilen nach Zeichnung durch Bohren, Drehen, Fr\u00e4sen und Schleifen. Zu den verwendeten Materialien geh\u00f6ren Eisen und St\u00e4hle, rostfreie St\u00e4hle, Messing und Bronze, Kupfer, Aluminium sowie deren Legierungen und einige Kunststoffe. Er bearbeitet diese Materialien mithilfe konventioneller Maschinen sowie mithilfe von CNC-Maschinen.<br \/>Beim Zusammenbau von mechanischen Baugruppen sowie bei deren Funktionspr\u00fcfung ist Handarbeit gefragt. Er kennt sich mit den Normen der Maschinenbauer, mit Passungen, Oberfl\u00e4chenbehandlungen, W\u00e4rmebehandlungen von Werkst\u00fccken und der \u00dcberpr\u00fcfung von Ma\u00dfen aus. Er\/sie kann technische Zeichnungen lesen und ausarbeiten.<\/p>\n<p>VORAUSSETZUNGEN F\u00dcR DIE AUS\u00dcBUNG DES BERUFS<br \/>Sinn f\u00fcr Pr\u00e4zision, ein vertieftes Verst\u00e4ndnis f\u00fcr Mechanik und Technik, eine hohe Konzentrationsf\u00e4higkeit, handwerkliches Geschick, methodisches Denken.<\/p>\n<p>SCHULEN<br \/>Lyc\u00e9e Technique des Arts et M\u00e9tiers (Technisches Gymnasium f\u00fcr Kunst und Handwerk): www.ltam.lu<\/p>\n<p>Lyc\u00e9e Technique de Bonnevoie: www.ltb.lu<\/p>\n<p>Lyc\u00e9e Technique Priv\u00e9 Emile Metz: www.ltpem.lu<\/p>\n<p>Lyc\u00e9e Technique Esch\/Alzette: www.lte.lu<\/p>\n<p>Technisches Gymnasium Jospeh Bech: www.ltjb.lu<\/p>\n<p>[\/et_pb_text][\/et_pb_column][\/et_pb_row][\/et_pb_section]<\/p>\n","protected":false},"excerpt":{"rendered":"<p>Bund f\u00fcr Holz und MetallUnsere BerufeDer Beruf des TischlersDer Tischler ist ein Spezialist f\u00fcr den Entwurf und die Herstellung von &#8230;<\/p>\n","protected":false},"author":12,"featured_media":53190,"parent":0,"menu_order":0,"comment_status":"closed","ping_status":"closed","template":"","meta":{"_acf_changed":false,"_et_pb_use_builder":"on","_et_pb_old_content":"","_et_gb_content_width":"","inline_featured_image":false,"footnotes":""},"class_list":["post-54271","page","type-page","status-publish","has-post-thumbnail","hentry"],"acf":[],"_links":{"self":[{"href":"https:\/\/mewo.lu\/de\/wp-json\/wp\/v2\/pages\/54271","targetHints":{"allow":["GET"]}}],"collection":[{"href":"https:\/\/mewo.lu\/de\/wp-json\/wp\/v2\/pages"}],"about":[{"href":"https:\/\/mewo.lu\/de\/wp-json\/wp\/v2\/types\/page"}],"author":[{"embeddable":true,"href":"https:\/\/mewo.lu\/de\/wp-json\/wp\/v2\/users\/12"}],"replies":[{"embeddable":true,"href":"https:\/\/mewo.lu\/de\/wp-json\/wp\/v2\/comments?post=54271"}],"version-history":[{"count":0,"href":"https:\/\/mewo.lu\/de\/wp-json\/wp\/v2\/pages\/54271\/revisions"}],"wp:featuredmedia":[{"embeddable":true,"href":"https:\/\/mewo.lu\/de\/wp-json\/wp\/v2\/media\/53190"}],"wp:attachment":[{"href":"https:\/\/mewo.lu\/de\/wp-json\/wp\/v2\/media?parent=54271"}],"curies":[{"name":"wp","href":"https:\/\/api.w.org\/{rel}","templated":true}]}}